{"id":2195,"date":"2021-11-09T15:58:55","date_gmt":"2021-11-09T14:58:55","guid":{"rendered":"https:\/\/webinairegouvernance.csefrs.ma\/?page_id=2195"},"modified":"2021-11-09T16:24:25","modified_gmt":"2021-11-09T15:24:25","slug":"maryse-lassond","status":"publish","type":"page","link":"https:\/\/webinairegouvernance.csefrs.ma\/fr\/intervenants\/maryse-lassond\/","title":{"rendered":"Maryse Lassond"},"content":{"rendered":"<p><div class=\"fusion-fullwidth fullwidth-box fusion-builder-row-1 fusion-flex-container nonhundred-percent-fullwidth non-hundred-percent-height-scrolling\" style=\"background-color: #000000;background-position: center center;background-repeat: no-repeat;border-width: 0px 0px 0px 0px;border-color:#eae9e9;border-style:solid;\" ><div class=\"fusion-builder-row fusion-row fusion-flex-align-items-center fusion-flex-justify-content-center\" style=\"max-width:1144px;margin-left: calc(-4% \/ 2 );margin-right: calc(-4% \/ 2 );\"><div class=\"fusion-layout-column fusion_builder_column fusion-builder-column-0 fusion_builder_column_2_3 2_3 fusion-flex-column\"><div class=\"fusion-column-wrapper fusion-flex-justify-content-flex-start fusion-content-layout-row fusion-flex-align-items-center\" style=\"background-position:left top;background-repeat:no-repeat;-webkit-background-size:cover;-moz-background-size:cover;-o-background-size:cover;background-size:cover;padding: 0px 0px 0px 0px;\"><style type=\"text\/css\">@media only screen and (max-width:1024px) {.fusion-title.fusion-title-1{margin-top:0px!important; margin-right:0px!important;margin-bottom:31px!important;margin-left:0px!important;}}@media only screen and (max-width:640px) {.fusion-title.fusion-title-1{margin-top:10px!important; margin-right:0px!important;margin-bottom:10px!important; margin-left:0px!important;}}<\/style><div class=\"fusion-title title fusion-title-1 fusion-sep-none fusion-title-text fusion-title-size-one\" style=\"font-size:30px;margin-top:0px;margin-right:0px;margin-bottom:31px;margin-left:0px;\"><h1 class=\"title-heading-right\" style=\"margin:0;font-size:1em;color:#ffffff;\">Maryse Lassond<\/h1><\/div><\/div><style type=\"text\/css\">.fusion-body .fusion-builder-column-0{width:66.666666666667% !important;margin-top : 0px;margin-bottom : 0px;}.fusion-builder-column-0 > .fusion-column-wrapper {padding-top : 0px !important;padding-right : 0px !important;margin-right : 2.88%;padding-bottom : 0px !important;padding-left : 0px !important;margin-left : 2.88%;}@media only screen and (max-width:1024px) {.fusion-body .fusion-builder-column-0{width:100% !important;order : 0;}.fusion-builder-column-0 > .fusion-column-wrapper {margin-right : 1.92%;margin-left : 1.92%;}}@media only screen and (max-width:640px) {.fusion-body .fusion-builder-column-0{width:100% !important;order : 0;}.fusion-builder-column-0 > .fusion-column-wrapper {margin-right : 1.92%;margin-left : 1.92%;}}<\/style><\/div><div class=\"fusion-layout-column fusion_builder_column fusion-builder-column-1 fusion_builder_column_1_3 1_3 fusion-flex-column\"><div class=\"fusion-column-wrapper fusion-flex-justify-content-flex-end fusion-content-layout-row fusion-flex-align-items-center\" style=\"background-position:left top;background-repeat:no-repeat;-webkit-background-size:cover;-moz-background-size:cover;-o-background-size:cover;background-size:cover;padding: 0px 0px 0px 0px;\"><div class=\"fusion-builder-row fusion-builder-row-inner fusion-row fusion-flex-align-items-center fusion-flex-justify-content-center\" style=\"width:104% !important;max-width:104% !important;margin-left: calc(-4% \/ 2 );margin-right: calc(-4% \/ 2 );\"><div class=\"fusion-layout-column fusion_builder_column_inner fusion-builder-nested-column-0 fusion_builder_column_inner_1_1 1_1 fusion-flex-column\"><div class=\"fusion-column-wrapper fusion-flex-justify-content-flex-start fusion-content-layout-column\" style=\"background-position:left top;background-repeat:no-repeat;-webkit-background-size:cover;-moz-background-size:cover;-o-background-size:cover;background-size:cover;padding: 0px 0px 0px 0px;\"><div style=\"text-align:center;\"><style type=\"text\/css\">.fusion-button.button-1 .fusion-button-text, .fusion-button.button-1 i {color:#ffffff;}.fusion-button.button-1 .fusion-button-icon-divider{border-color:#ffffff;}.fusion-button.button-1:hover .fusion-button-text, .fusion-button.button-1:hover i,.fusion-button.button-1:focus .fusion-button-text, .fusion-button.button-1:focus i,.fusion-button.button-1:active .fusion-button-text, .fusion-button.button-1:active{color:#ffffff;}.fusion-button.button-1:hover .fusion-button-icon-divider, .fusion-button.button-1:hover .fusion-button-icon-divider, .fusion-button.button-1:active .fusion-button-icon-divider{border-color:#ffffff;}.fusion-button.button-1:hover, .fusion-button.button-1:focus, .fusion-button.button-1:active{border-color:#a71919;border-width:2px;}.fusion-button.button-1 {border-color:#ffffff;border-width:2px;border-radius:0px;}.fusion-button.button-1{background: rgba(173,175,175,0);}.fusion-button.button-1:hover,.button-1:focus,.fusion-button.button-1:active{background: rgba(162,40,46,0);}<\/style><a class=\"fusion-button button-flat button-medium button-custom button-1 fusion-button-span-yes fusion-button-default-type\" target=\"_self\" href=\"#bio\"><i class=\"fa-user-alt fas button-icon-left\" aria-hidden=\"true\"><\/i><span class=\"fusion-button-text\">Biographie<\/span><\/a><\/div><\/div><style type=\"text\/css\">.fusion-body .fusion-builder-nested-column-0{width:100% !important;margin-top : 0px;margin-bottom : 20px;}.fusion-builder-nested-column-0 > .fusion-column-wrapper {padding-top : 0px !important;padding-right : 0px !important;margin-right : 1.92%;padding-bottom : 0px !important;padding-left : 0px !important;margin-left : 1.92%;}@media only screen and (max-width:1024px) {.fusion-body .fusion-builder-nested-column-0{width:100% !important;order : 0;}.fusion-builder-nested-column-0 > .fusion-column-wrapper {margin-right : 1.92%;margin-left : 1.92%;}}@media only screen and (max-width:640px) {.fusion-body .fusion-builder-nested-column-0{width:100% !important;order : 0;}.fusion-builder-nested-column-0 > .fusion-column-wrapper {margin-right : 1.92%;margin-left : 1.92%;}}<\/style><\/div><\/div><\/div><style type=\"text\/css\">.fusion-body .fusion-builder-column-1{width:33.333333333333% !important;margin-top : 0px;margin-bottom : 0px;}.fusion-builder-column-1 > .fusion-column-wrapper {padding-top : 0px !important;padding-right : 0px !important;margin-right : 5.76%;padding-bottom : 0px !important;padding-left : 0px !important;margin-left : 5.76%;}@media only screen and (max-width:1024px) {.fusion-body .fusion-builder-column-1{width:100% !important;order : 0;}.fusion-builder-column-1 > .fusion-column-wrapper {margin-right : 1.92%;margin-left : 1.92%;}}@media only screen and (max-width:640px) {.fusion-body .fusion-builder-column-1{width:100% !important;order : 0;}.fusion-builder-column-1 > .fusion-column-wrapper {margin-right : 1.92%;margin-left : 1.92%;}}<\/style><\/div><\/div><style type=\"text\/css\">.fusion-body .fusion-flex-container.fusion-builder-row-1{ padding-top : 20px;margin-top : 0px;padding-right : 0px;padding-bottom : 0px;margin-bottom : 0px;padding-left : 0px;}<\/style><\/div><div id=\"bio\"><div class=\"fusion-fullwidth fullwidth-box fusion-builder-row-2 fusion-flex-container nonhundred-percent-fullwidth non-hundred-percent-height-scrolling\" style=\"background-color: #a71919;background-position: center center;background-repeat: no-repeat;border-width: 0px 0px 0px 0px;border-color:#eae9e9;border-style:solid;\" ><div class=\"fusion-builder-row fusion-row fusion-flex-align-items-center\" style=\"max-width:1144px;margin-left: calc(-4% \/ 2 );margin-right: calc(-4% \/ 2 );\"><div class=\"fusion-layout-column fusion_builder_column fusion-builder-column-2 fusion_builder_column_1_3 1_3 fusion-flex-column\"><div class=\"fusion-column-wrapper fusion-flex-justify-content-flex-start fusion-content-layout-column\" style=\"background-position:left top;background-repeat:no-repeat;-webkit-background-size:cover;-moz-background-size:cover;-o-background-size:cover;background-size:cover;border-radius:0px 20px 0px 20px;background-color:#ffffff;border-radius:0px 20px 0px 20px;overflow:hidden;padding: 30px 20px 30px 20px;\"><div class=\"fusion-person person fusion-person-center fusion-person-1 fusion-person-icon-top\"><style>.fusion-person-1 .imageframe-liftup:before{-webkit-border-radius:20px;-moz-border-radius:20px;border-radius:20px;<\/style><div class=\"person-shortcode-image-wrapper imageframe-liftup\"><div class=\"person-image-container person-rounded-overflow\" style=\"-webkit-border-radius:20px;-moz-border-radius:20px;border-radius:20px;border:2px solid #ffffff;-webkit-border-radius:20px;-moz-border-radius:20px;border-radius:20px;\"><a href=\"#\" target=\"_self\"><img class=\"person-img img-responsive wp-image-1647\" width=\"300\" height=\"300\" src=\"https:\/\/webinairegouvernance.csefrs.ma\/wp-content\/uploads\/2021\/11\/Maryse-Lassonde-300x300.jpg\" alt=\"Maryse Lassonde\" srcset=\"https:\/\/webinairegouvernance.csefrs.ma\/wp-content\/uploads\/2021\/11\/Maryse-Lassonde-200x200.jpg 200w, https:\/\/webinairegouvernance.csefrs.ma\/wp-content\/uploads\/2021\/11\/Maryse-Lassonde-400x400.jpg 400w, https:\/\/webinairegouvernance.csefrs.ma\/wp-content\/uploads\/2021\/11\/Maryse-Lassonde.jpg 500w\" sizes=\"(max-width: 1024px) 100vw, (max-width: 640px) 100vw, 400px\" \/><\/a><\/div><\/div><div class=\"person-desc\"><div class=\"person-author\"><div class=\"person-author-wrapper\"><span class=\"person-name\">Maryse Lassonde<\/span><span class=\"person-title\">Pr\u00e9sidente, Conseil Sup\u00e9rieur de l\u2019\u00c9ducation, Canada<\/span><\/div><\/div><div class=\"person-content fusion-clearfix\"><\/div><\/div><\/div><i class=\"fb-icon-element-1 fb-icon-element fontawesome-icon fa-user-check fas circle-yes\" style=\"font-size:28.16px;line-height:54.32px;height:56.32px;width:56.32px;border-width:1px;align-self:center;margin: 0px;\"><\/i><style>i.fb-icon-element.fontawesome-icon.fb-icon-element-1{ color: #ffffff; background-color: #333333; border-color: #333333;}i.fb-icon-element.fontawesome-icon.fb-icon-element-1:hover { color: #ffffff; background-color: #333333; border-color: #333333;}<\/style><div class=\"fusion-text fusion-text-1\" style=\"text-align:center;\"><p><strong>Pr\u00e9sidente de s\u00e9ance<\/strong><\/p>\n<\/div><i class=\"fb-icon-element-2 fb-icon-element fontawesome-icon fa-calendar-alt fas circle-yes\" style=\"font-size:28.16px;line-height:54.32px;height:56.32px;width:56.32px;border-width:1px;align-self:center;margin: 0px;\"><\/i><style>i.fb-icon-element.fontawesome-icon.fb-icon-element-2{ color: #ffffff; background-color: #333333; border-color: #333333;}i.fb-icon-element.fontawesome-icon.fb-icon-element-2:hover { color: #ffffff; background-color: #333333; border-color: #333333;}<\/style><div class=\"fusion-text fusion-text-2\" style=\"text-align:center;\"><p><strong>S\u00e9ance 1<\/strong><br \/>\nMardi 23 novembre 2021<\/p>\n<\/div><\/div><style type=\"text\/css\">.fusion-body .fusion-builder-column-2{width:33.333333333333% !important;margin-top : 0px;margin-bottom : 20px;}.fusion-builder-column-2 > .fusion-column-wrapper {padding-top : 30px !important;padding-right : 20px !important;margin-right : 5.76%;padding-bottom : 30px !important;padding-left : 20px !important;margin-left : 5.76%;}@media only screen and (max-width:1024px) {.fusion-body .fusion-builder-column-2{width:100% !important;order : 0;}.fusion-builder-column-2 > .fusion-column-wrapper {margin-right : 1.92%;margin-left : 1.92%;}}@media only screen and (max-width:640px) {.fusion-body .fusion-builder-column-2{width:100% !important;order : 0;}.fusion-builder-column-2 > .fusion-column-wrapper {margin-right : 1.92%;margin-left : 1.92%;}}<\/style><\/div><div class=\"fusion-layout-column fusion_builder_column fusion-builder-column-3 fusion_builder_column_2_3 2_3 fusion-flex-column\"><div class=\"fusion-column-wrapper fusion-flex-justify-content-flex-start fusion-content-layout-column\" style=\"background-position:left top;background-repeat:no-repeat;-webkit-background-size:cover;-moz-background-size:cover;-o-background-size:cover;background-size:cover;padding: 0px 0px 0px 0px;\"><div class=\"fusion-text fusion-text-3\" style=\"font-size:15px;color:#ffffff;\"><div align=\"justify\">\n<p>Maryse Lassonde est depuis 2018 Pr\u00e9sidente du Conseil sup\u00e9rieur de l\u2019\u00c9ducation (Gouvernement du Qu\u00e9bec). Apr\u00e8s avoir obtenu un Ph.D. en neuropsychologie \u00e0 l&rsquo;Universit\u00e9 Stanford en 1977, elle est devenue professeure \u00e0 l\u2019Universit\u00e9 du Qu\u00e9bec \u00e0 Trois-Rivi\u00e8res (1977-1988) puis \u00e0 l&rsquo;Universit\u00e9 de Montr\u00e9al (1988-2012) o\u00f9 elle a \u00e9t\u00e9 nomm\u00e9e professeure \u00e9m\u00e9rite en 2013. Elle a \u00e9dit\u00e9 7 livres et a r\u00e9dig\u00e9 plus de 300 articles et chapitres scientifiques et a re\u00e7u plusieurs honneurs et prix. Ainsi, elle est fellow de la Soci\u00e9t\u00e9 Canadienne de Psychologie, de l&rsquo;Acad\u00e9mie canadienne des sciences de la sant\u00e9 et de la Soci\u00e9t\u00e9 Royale du Canada. Elle est Officier de l\u2019Ordre du Canada et Chevali\u00e8re de l&rsquo;Ordre national du Qu\u00e9bec dont elle a pr\u00e9sid\u00e9 le Conseil de 2008 \u00e0 2010. Elle a \u00e9galement \u00e9t\u00e9 pr\u00e9sidente de l\u2019Association Francophone pour le Savoir (ACFAS) en 1993 et pr\u00e9sidente de la Soci\u00e9t\u00e9 Royale du Canada (2015-2017). Enfin, elle a \u00e9t\u00e9 directrice scientifique du Fonds de recherche du Qu\u00e9bec-Nature et Technologies (FRQNT) de janvier 2012 \u00e0 juillet 2018.<\/p>\n<\/div>\n<\/div><\/div><style type=\"text\/css\">.fusion-body .fusion-builder-column-3{width:66.666666666667% !important;margin-top : 0px;margin-bottom : 0px;}.fusion-builder-column-3 > .fusion-column-wrapper {padding-top : 0px !important;padding-right : 0px !important;margin-right : 2.88%;padding-bottom : 0px !important;padding-left : 0px !important;margin-left : 2.88%;}@media only screen and (max-width:1024px) {.fusion-body .fusion-builder-column-3{width:100% !important;order : 0;}.fusion-builder-column-3 > .fusion-column-wrapper {margin-right : 1.92%;margin-left : 1.92%;}}@media only screen and (max-width:640px) {.fusion-body .fusion-builder-column-3{width:100% !important;order : 0;}.fusion-builder-column-3 > .fusion-column-wrapper {margin-right : 1.92%;margin-left : 1.92%;}}<\/style><\/div><\/div><style type=\"text\/css\">.fusion-body .fusion-flex-container.fusion-builder-row-2{ padding-top : 70px;margin-top : 0px;padding-right : 0px;padding-bottom : 0px;margin-bottom : 0px;padding-left : 0px;}<\/style><\/div><\/div><\/p>\n","protected":false},"excerpt":{"rendered":"","protected":false},"author":3,"featured_media":0,"parent":1856,"menu_order":0,"comment_status":"closed","ping_status":"closed","template":"100-width.php","meta":{"_monsterinsights_skip_tracking":false,"_monsterinsights_sitenote_active":false,"_monsterinsights_sitenote_note":"","_monsterinsights_sitenote_category":0},"_links":{"self":[{"href":"https:\/\/webinairegouvernance.csefrs.ma\/fr\/wp-json\/wp\/v2\/pages\/2195"}],"collection":[{"href":"https:\/\/webinairegouvernance.csefrs.ma\/fr\/wp-json\/wp\/v2\/pages"}],"about":[{"href":"https:\/\/webinairegouvernance.csefrs.ma\/fr\/wp-json\/wp\/v2\/types\/page"}],"author":[{"embeddable":true,"href":"https:\/\/webinairegouvernance.csefrs.ma\/fr\/wp-json\/wp\/v2\/users\/3"}],"replies":[{"embeddable":true,"href":"https:\/\/webinairegouvernance.csefrs.ma\/fr\/wp-json\/wp\/v2\/comments?post=2195"}],"version-history":[{"count":2,"href":"https:\/\/webinairegouvernance.csefrs.ma\/fr\/wp-json\/wp\/v2\/pages\/2195\/revisions"}],"predecessor-version":[{"id":2199,"href":"https:\/\/webinairegouvernance.csefrs.ma\/fr\/wp-json\/wp\/v2\/pages\/2195\/revisions\/2199"}],"up":[{"embeddable":true,"href":"https:\/\/webinairegouvernance.csefrs.ma\/fr\/wp-json\/wp\/v2\/pages\/1856"}],"wp:attachment":[{"href":"https:\/\/webinairegouvernance.csefrs.ma\/fr\/wp-json\/wp\/v2\/media?parent=2195"}],"curies":[{"name":"wp","href":"https:\/\/api.w.org\/{rel}","templated":true}]}}