{"id":1744,"date":"2021-11-04T10:21:32","date_gmt":"2021-11-04T09:21:32","guid":{"rendered":"https:\/\/webinairegouvernance.csefrs.ma\/sol-du-symposium\/"},"modified":"2021-11-19T10:47:13","modified_gmt":"2021-11-19T09:47:13","slug":"presentation","status":"publish","type":"page","link":"https:\/\/webinairegouvernance.csefrs.ma\/fr\/presentation\/","title":{"rendered":"Pr\u00e9sentation"},"content":{"rendered":"<p><div class=\"fusion-fullwidth fullwidth-box fusion-builder-row-1 fusion-flex-container fusion-parallax-fixed nonhundred-percent-fullwidth non-hundred-percent-height-scrolling\" style=\"background-color: rgba(255,255,255,0);background-image: url(&quot;https:\/\/webinairegouvernance.csefrs.ma\/wp-content\/uploads\/2021\/11\/Header-bg.png&quot;);background-position: center center;background-repeat: no-repeat;border-width: 0px 0px 0px 0px;border-color:#eae9e9;border-style:solid;-webkit-background-size:cover;-moz-background-size:cover;-o-background-size:cover;background-size:cover;background-attachment:fixed;\" ><div class=\"fusion-builder-row fusion-row fusion-flex-align-items-center fusion-flex-align-content-center fusion-flex-justify-content-center\" style=\"max-width:1144px;margin-left: calc(-4% \/ 2 );margin-right: calc(-4% \/ 2 );\"><div class=\"fusion-layout-column fusion_builder_column fusion-builder-column-0 fusion_builder_column_1_2 1_2 fusion-flex-column\"><div class=\"fusion-column-wrapper fusion-flex-justify-content-flex-start fusion-content-layout-column\" style=\"background-position:left top;background-repeat:no-repeat;-webkit-background-size:cover;-moz-background-size:cover;-o-background-size:cover;background-size:cover;padding: 0px 0px 0px 0px;\"><div style=\"text-align:center;\"><span class=\" fusion-imageframe imageframe-none imageframe-1 hover-type-none\" style=\"max-width:300px;\"><img width=\"552\" height=\"557\" title=\"Fichier 1@4x\" src=\"https:\/\/webinairegouvernance.csefrs.ma\/wp-content\/uploads\/2021\/11\/Fichier-1@4x.png\" class=\"img-responsive wp-image-1639\" srcset=\"https:\/\/webinairegouvernance.csefrs.ma\/wp-content\/uploads\/2021\/11\/Fichier-1@4x-200x202.png 200w, https:\/\/webinairegouvernance.csefrs.ma\/wp-content\/uploads\/2021\/11\/Fichier-1@4x-400x404.png 400w, https:\/\/webinairegouvernance.csefrs.ma\/wp-content\/uploads\/2021\/11\/Fichier-1@4x.png 552w\" sizes=\"(max-width: 1024px) 100vw, (max-width: 640px) 100vw, 552px\" \/><\/span><\/div><\/div><style type=\"text\/css\">.fusion-body .fusion-builder-column-0{width:50% !important;margin-top : 0px;margin-bottom : 0px;}.fusion-builder-column-0 > .fusion-column-wrapper {padding-top : 0px !important;padding-right : 0px !important;margin-right : 3.84%;padding-bottom : 0px !important;padding-left : 0px !important;margin-left : 3.84%;}@media only screen and (max-width:1024px) {.fusion-body .fusion-builder-column-0{width:100% !important;order : 0;}.fusion-builder-column-0 > .fusion-column-wrapper {margin-right : 1.92%;margin-left : 1.92%;}}@media only screen and (max-width:640px) {.fusion-body .fusion-builder-column-0{width:100% !important;order : 0;}.fusion-builder-column-0 > .fusion-column-wrapper {margin-right : 1.92%;margin-left : 1.92%;}}<\/style><\/div><div class=\"fusion-layout-column fusion_builder_column fusion-builder-column-1 fusion_builder_column_1_2 1_2 fusion-flex-column\"><div class=\"fusion-column-wrapper fusion-flex-justify-content-flex-start fusion-content-layout-column\" style=\"background-position:left top;background-repeat:no-repeat;-webkit-background-size:cover;-moz-background-size:cover;-o-background-size:cover;background-size:cover;padding: 0px 0px 0px 0px;\"><div style=\"text-align:center;\"><span class=\" fusion-imageframe imageframe-none imageframe-2 hover-type-none\" style=\"max-width:600px;margin-bottom:0px;\"><img width=\"1118\" height=\"386\" title=\"Fichier 1@4x\" src=\"https:\/\/webinairegouvernance.csefrs.ma\/wp-content\/uploads\/2021\/11\/Fichier-1@4x-1.png\" class=\"img-responsive wp-image-1872\" srcset=\"https:\/\/webinairegouvernance.csefrs.ma\/wp-content\/uploads\/2021\/11\/Fichier-1@4x-1-200x69.png 200w, https:\/\/webinairegouvernance.csefrs.ma\/wp-content\/uploads\/2021\/11\/Fichier-1@4x-1-400x138.png 400w, https:\/\/webinairegouvernance.csefrs.ma\/wp-content\/uploads\/2021\/11\/Fichier-1@4x-1-600x207.png 600w, https:\/\/webinairegouvernance.csefrs.ma\/wp-content\/uploads\/2021\/11\/Fichier-1@4x-1-800x276.png 800w, https:\/\/webinairegouvernance.csefrs.ma\/wp-content\/uploads\/2021\/11\/Fichier-1@4x-1.png 1118w\" sizes=\"(max-width: 1024px) 100vw, (max-width: 640px) 100vw, 600px\" \/><\/span><\/div><\/div><style type=\"text\/css\">.fusion-body .fusion-builder-column-1{width:50% !important;margin-top : 0px;margin-bottom : 0px;}.fusion-builder-column-1 > .fusion-column-wrapper {padding-top : 0px !important;padding-right : 0px !important;margin-right : 3.84%;padding-bottom : 0px !important;padding-left : 0px !important;margin-left : 3.84%;}@media only screen and (max-width:1024px) {.fusion-body .fusion-builder-column-1{width:100% !important;order : 0;}.fusion-builder-column-1 > .fusion-column-wrapper {margin-right : 1.92%;margin-left : 1.92%;}}@media only screen and (max-width:640px) {.fusion-body .fusion-builder-column-1{width:100% !important;order : 0;}.fusion-builder-column-1 > .fusion-column-wrapper {margin-right : 1.92%;margin-left : 1.92%;}}<\/style><\/div><div class=\"fusion-layout-column fusion_builder_column fusion-builder-column-2 fusion_builder_column_1_1 1_1 fusion-flex-column\"><div class=\"fusion-column-wrapper fusion-flex-justify-content-flex-start fusion-content-layout-column\" style=\"background-position:left top;background-repeat:no-repeat;-webkit-background-size:cover;-moz-background-size:cover;-o-background-size:cover;background-size:cover;padding: 0px 0px 0px 0px;\"><div class=\"fusion-section-separator section-separator waves-opacity fusion-section-separator-1\"><div class=\"fusion-section-separator-svg\" style=\"font-size:0;line-height:0;\"><svg class=\"fusion-waves-opacity-candy\" fill=\"#efefef\" xmlns=\"http:\/\/www.w3.org\/2000\/svg\" version=\"1.1\" width=\"100%\" viewBox=\"0 0 1024 216\" preserveAspectRatio=\"none\" class=\"section-separator-shortcode-divider-svg\"><path class=\"st0\" d=\"M1024.1 1.068c-19.4-.5-38.7-1.6-57.7-.3-206.6 15-248.5 126.6-455 143.8-184.8 15.5-285.7-60.9-464.3-41.3-16.9 1.8-32.5 4.4-47.1 7.6l.1 105.2h1024v-215z\"\/>\n\t\t\t\t\t\t\t\t\t\t<path class=\"st1\" d=\"M1024.1 20.068c-30.2-1.6-59.6-1.6-86.8.4-206.6 15.1-197.3 122.6-403.9 139.8-184.9 15.5-278.5-58.2-457.1-38.4-28.3 3.2-53.5 8.2-76.2 14.6v79.744h1024V20.068z\"\/>\n\t\t\t\t\t\t\t\t\t\t<path class=\"st2\" d=\"M1024.1 46.668c-22.2-.3-43.8.2-64.2 1.7-206.6 15-197.8 112.5-404.4 129.7-184.8 15.5-226.8-51.1-405.4-31.3-54.8 6-104.9 18.3-150 33.7v35.744h1024V46.668z\"\/>\n\t\t\t\t\t\t\t\t\t\t<path class=\"st3\" d=\"M1024.1 54.368c-4 .2-8 .4-11.9.7-206.5 15.1-227.9 124.4-434.5 141.6-184.9 15.5-226.3-41.1-404.9-21.3-64 7.2-121.9 20.8-172.7 37.9v3.044h1024V54.368z\"\/>\n\t\t\t\t\t\t\t\t\t<\/svg><\/div><div class=\"fusion-section-separator-spacer\"><div class=\"fusion-section-separator-spacer-height\" style=\"padding-top:21.09375%;\"><\/div><\/div><style type=\"text\/css\">.fusion-section-separator-1 .fusion-section-separator-svg {margin-left:1.92%;margin-right:1.92%;}@media only screen and (max-width:1024px) {.fusion-section-separator-1 .fusion-section-separator-svg {margin-left:1.92%;margin-right:1.92%;}}@media only screen and (max-width:640px) {.fusion-section-separator-1 .fusion-section-separator-svg {margin-left:1.92%;margin-right:1.92%;}}.fusion-section-separator.fusion-section-separator-1 .fusion-section-separator-svg svg,.fusion-section-separator.fusion-section-separator-1 .fusion-section-separator-svg-bg{height:200px;}.fusion-section-separator.fusion-section-separator-1 .fusion-section-separator-spacer-height{height:200px !important;padding-top:inherit !important;}<\/style><\/div><\/div><style type=\"text\/css\">.fusion-body .fusion-builder-column-2{width:100% !important;margin-top : 0px;margin-bottom : 0px;}.fusion-builder-column-2 > .fusion-column-wrapper {padding-top : 0px !important;padding-right : 0px !important;margin-right : 1.92%;padding-bottom : 0px !important;padding-left : 0px !important;margin-left : 1.92%;}@media only screen and (max-width:1024px) {.fusion-body .fusion-builder-column-2{width:100% !important;order : 0;}.fusion-builder-column-2 > .fusion-column-wrapper {margin-right : 1.92%;margin-left : 1.92%;}}@media only screen and (max-width:640px) {.fusion-body .fusion-builder-column-2{width:100% !important;order : 0;}.fusion-builder-column-2 > .fusion-column-wrapper {margin-right : 1.92%;margin-left : 1.92%;}}<\/style><\/div><\/div><style type=\"text\/css\">.fusion-body .fusion-flex-container.fusion-builder-row-1{ padding-top : 70px;margin-top : 0px;padding-right : 0px;padding-bottom : 0px;margin-bottom : 0px;padding-left : 0px;}<\/style><\/div><div class=\"fusion-fullwidth fullwidth-box fusion-builder-row-2 fusion-flex-container nonhundred-percent-fullwidth non-hundred-percent-height-scrolling\" style=\"background-color: #efefef;background-position: center center;background-repeat: no-repeat;border-width: 0px 0px 0px 0px;border-color:#eae9e9;border-style:solid;\" ><div class=\"fusion-builder-row fusion-row fusion-flex-align-items-stretch\" style=\"max-width:1144px;margin-left: calc(-4% \/ 2 );margin-right: calc(-4% \/ 2 );\"><div class=\"fusion-layout-column fusion_builder_column fusion-builder-column-3 fusion_builder_column_1_1 1_1 fusion-flex-column\"><div class=\"fusion-column-wrapper fusion-flex-justify-content-flex-start fusion-content-layout-column\" style=\"background-position:left top;background-repeat:no-repeat;-webkit-background-size:cover;-moz-background-size:cover;-o-background-size:cover;background-size:cover;padding: 0px 0px 0px 0px;\"><i class=\"fb-icon-element-1 fb-icon-element fontawesome-icon fa-file fas circle-yes\" style=\"font-size:52.8px;line-height:103.6px;height:105.6px;width:105.6px;border-width:1px;align-self:center;margin: 0px;\"><\/i><style>i.fb-icon-element.fontawesome-icon.fb-icon-element-1{ color: #62a9dc; background-color: rgba(51,51,51,0); border-color: rgba(51,51,51,0);}i.fb-icon-element.fontawesome-icon.fb-icon-element-1:hover { color: #333333; background-color: rgba(51,51,51,0); border-color: rgba(51,51,51,0);}<\/style><style type=\"text\/css\">@media only screen and (max-width:1024px) {.fusion-title.fusion-title-1{margin-top:0px!important; margin-right:0px!important;margin-bottom:31px!important;margin-left:0px!important;}}@media only screen and (max-width:640px) {.fusion-title.fusion-title-1{margin-top:10px!important; margin-right:0px!important;margin-bottom:10px!important; margin-left:0px!important;}}<\/style><div class=\"fusion-title title fusion-title-1 fusion-sep-none fusion-title-center fusion-title-text fusion-title-size-one\" style=\"font-size:30px;margin-top:0px;margin-right:0px;margin-bottom:31px;margin-left:0px;\"><h1 class=\"title-heading-center\" style=\"margin:0;font-size:1em;color:#000000;\">Argumentaire<\/h1><\/div><div class=\"fusion-separator\" style=\"align-self: center;margin-left: auto;margin-right: auto;margin-bottom:50px;width:100%;max-width:70px;\"><div class=\"fusion-separator-border sep-single sep-solid\" style=\"border-color:#000000;border-top-width:3px;\"><\/div><\/div><\/div><style type=\"text\/css\">.fusion-body .fusion-builder-column-3{width:100% !important;margin-top : 0px;margin-bottom : 20px;}.fusion-builder-column-3 > .fusion-column-wrapper {padding-top : 0px !important;padding-right : 0px !important;margin-right : 1.92%;padding-bottom : 0px !important;padding-left : 0px !important;margin-left : 1.92%;}@media only screen and (max-width:1024px) {.fusion-body .fusion-builder-column-3{width:100% !important;order : 0;}.fusion-builder-column-3 > .fusion-column-wrapper {margin-right : 1.92%;margin-left : 1.92%;}}@media only screen and (max-width:640px) {.fusion-body .fusion-builder-column-3{width:100% !important;order : 0;}.fusion-builder-column-3 > .fusion-column-wrapper {margin-right : 1.92%;margin-left : 1.92%;}}<\/style><\/div><div class=\"fusion-layout-column fusion_builder_column fusion-builder-column-4 fusion_builder_column_1_1 1_1 fusion-flex-column\"><div class=\"fusion-column-wrapper fusion-flex-justify-content-flex-start fusion-content-layout-column\" style=\"background-position:left top;background-repeat:no-repeat;-webkit-background-size:cover;-moz-background-size:cover;-o-background-size:cover;background-size:cover;padding: 0px 0px 0px 0px;\"><div class=\"fusion-text fusion-text-1\"><div align=\"justify\">\n<p>Le mod\u00e8le traditionnel d\u2019organisation et de pilotage des \u00e9tablissements scolaires caract\u00e9ris\u00e9 par la rigidit\u00e9 de la structure hi\u00e9rarchique, o\u00f9 les marges d\u2019autonomie des \u00e9tablissements sont r\u00e9duites, est remis en cause et montre aujourd\u2019hui ses limites en termes de performance suite \u00e0 la g\u00e9n\u00e9ralisation de l\u2019enseignement et \u00e0 l\u2019\u00e9volution des politiques et de l\u2019environnement scolaires.Plusieurs pays \u00e0 travers le monde ont d\u00e9j\u00e0 largement \u00e9volu\u00e9 vers d\u2019autres m\u00e9thodes de gouvernance notamment en donnant une autonomie plus grande aux \u00e9tablissements scolaires en termes de strat\u00e9gie d\u2019enseignement, d\u2019affectation des \u00e9l\u00e8ves, de gestion des ressources humaines et financi\u00e8res, de recherche de partenariats, de programmes\u2026 Mais pour asseoir ce processus d\u2019autonomisation et de responsabilisation, il faudrait se focaliser sur l\u2019\u00e9tablissement en tant qu\u2019espace d\u2019\u00e9ducation. C\u2019est ainsi que le mode de gestion, l\u2019organisation de l\u2019environnement \u00e9ducatif, les relations entre les acteurs et les modes d\u2019\u00e9valuation impactent certainement la qualit\u00e9 de l\u2019\u00e9ducation.<\/p>\n<p>La recherche de plus d\u2019efficacit\u00e9, d\u2019\u00e9quit\u00e9 et d\u2019efficience dans les syst\u00e8mes \u00e9ducatifs s\u2019est, de plus en plus, focalis\u00e9e sur l\u2019\u00e9tablissement scolaire comme unit\u00e9 potentielle de changement. D\u00e8s lors, faudrait-il rechercher le profil de l\u2019\u00c9cole efficace (<em>School Effectiveness<\/em>) ou les d\u00e9terminants de l\u2019am\u00e9lioration de l\u2019\u00c9cole (<em>School Improvement)<\/em>.<\/p>\n<p>Plusieurs r\u00e9sultats de recherches soulignent que certains \u00e9tablissements scolaires performent mieux que d\u2019autres. L\u2019autonomie scolaire se pr\u00e9sente comme un instrument d\u2019am\u00e9lioration de tout le syst\u00e8me \u00e9ducatif dans le cadre des politiques de d\u00e9centralisation\/d\u00e9concentration des administrations en charge de l\u2019\u00e9ducation. Au fil du temps, les \u00e9tablissements scolaires doivent b\u00e9n\u00e9ficier d\u2019une autonomie pour respecter la libert\u00e9 d\u2019enseignement, pour renforcer la d\u00e9mocratie locale scolaire, pour parfaire la d\u00e9centralisation\u2026.<\/p>\n<p>L\u2019autonomie des \u00e9tablissements scolaires, mise en \u0153uvre \u00e0 des degr\u00e9s divers dans diff\u00e9rents pays, contribue-t-elle \u00e0 am\u00e9liorer la performance des \u00e9l\u00e8ves ? Existe-t-il un bon mode de gouvernance des \u00e9tablissements scolaires ? Quels enseignements tirer des diff\u00e9rentes exp\u00e9riences en la mati\u00e8re ? Que devrait-on adopter, dans le contexte des \u00e9tablissements marocains, en termes de r\u00e9f\u00e9rentiel, de strat\u00e9gie de ciblage et de m\u00e9thodologie d\u2019op\u00e9rationnalisation\u00a0? Quels acteurs associer et impliquer, avec quel mode de gouvernance\u00a0? Comment l\u2019\u00e9valuer et pour quels objectifs\u00a0?<\/p>\n<p>L\u2019Instance Nationale d\u2019\u00c9valuation (INE), du Conseil Sup\u00e9rieur de l\u2019\u00c9ducation, de la Formation et de la Recherche Scientifique (CSEFRS) au Maroc, se penche sur ces questionnements et organise en partenariat avec UNICEF, les 23 et 24 Novembre 2021, un colloque international sur \u00ab\u00a0La gouvernance des \u00e9tablissements scolaires\u00a0: D\u00e9terminants et \u00e9valuation\u00a0\u00bb.<\/p>\n<p>L\u2019objectif est de pr\u00e9senter et confronter les divers modes de gouvernance des \u00e9tablissements scolaires et d\u00e9terminer en quoi et comment ils r\u00e9pondent \u00e0 l\u2019exigence d\u2019une am\u00e9lioration significative de la performance du syst\u00e8me \u00e9ducatif.<\/p>\n<p>Le colloque sera organis\u00e9 autour de trois grandes dimensions\u00a0:<\/p>\n<ol>\n<li>Pr\u00e9senter <strong>l\u2019\u00e9tat de l\u2019art et les tendances internationales en mati\u00e8re de gouvernance des \u00e9tablissements scolaires<\/strong> par des expos\u00e9s de r\u00e9sultats r\u00e9cents de la recherche acad\u00e9mique et des retours d\u2019exp\u00e9riences relatives aux pratiques les plus avanc\u00e9es\u00a0;<\/li>\n<li>Mener une <strong>r\u00e9flexion collective<\/strong> avec les d\u00e9cideurs, les acteurs du syst\u00e8me \u00e9ducatif marocain et \u00e9trangers ainsi que les experts (tes) sur les <strong>facteurs li\u00e9s \u00e0 l\u2019\u00e9tablissement qui entravent ou favorisent l\u2019autonomie des \u00e9tablissements scolaires<\/strong> et del\u00e0 la qualit\u00e9 de l\u2019\u00e9ducation\u00a0;<\/li>\n<li>D\u00e9battre les modes d\u2019\u00e9valuation de la gouvernance scolaire et la place des acteurs en ce processus d\u2019\u00e9valuation.<\/li>\n<\/ol>\n<p>Les interventions porteront sur trois axes principaux\u00a0:<\/p>\n<ol>\n<li>L\u2019apport de la recherche internationale et de la comparaison entre les diff\u00e9rentes exp\u00e9riences sur le r\u00f4le de l\u2019\u00e9tablissement dans le syst\u00e8me \u00e9ducatif\u00a0;<\/li>\n<li>Le r\u00f4le des acteurs et des parties prenantes dans le fonctionnement de l\u2019\u00e9tablissement\u00a0;<\/li>\n<li>Les dispositifs et les instruments d\u2019\u00e9valuation de l\u2019\u00e9tablissement.<\/li>\n<\/ol>\n<\/div>\n<\/div><\/div><style type=\"text\/css\">.fusion-body .fusion-builder-column-4{width:100% !important;margin-top : 0px;margin-bottom : 20px;}.fusion-builder-column-4 > .fusion-column-wrapper {padding-top : 0px !important;padding-right : 0px !important;margin-right : 1.92%;padding-bottom : 0px !important;padding-left : 0px !important;margin-left : 1.92%;}@media only screen and (max-width:1024px) {.fusion-body .fusion-builder-column-4{width:100% !important;order : 0;}.fusion-builder-column-4 > .fusion-column-wrapper {margin-right : 1.92%;margin-left : 1.92%;}}@media only screen and (max-width:640px) {.fusion-body .fusion-builder-column-4{width:100% !important;order : 0;}.fusion-builder-column-4 > .fusion-column-wrapper {margin-right : 1.92%;margin-left : 1.92%;}}<\/style><\/div><\/div><style type=\"text\/css\">.fusion-body .fusion-flex-container.fusion-builder-row-2{ padding-top : 70px;margin-top : 0px;padding-right : 0px;padding-bottom : 70px;margin-bottom : 0px;padding-left : 0px;}<\/style><\/div><\/p>\n","protected":false},"excerpt":{"rendered":"","protected":false},"author":1,"featured_media":0,"parent":0,"menu_order":0,"comment_status":"closed","ping_status":"closed","template":"100-width.php","meta":{"_monsterinsights_skip_tracking":false,"_monsterinsights_sitenote_active":false,"_monsterinsights_sitenote_note":"","_monsterinsights_sitenote_category":0},"_links":{"self":[{"href":"https:\/\/webinairegouvernance.csefrs.ma\/fr\/wp-json\/wp\/v2\/pages\/1744"}],"collection":[{"href":"https:\/\/webinairegouvernance.csefrs.ma\/fr\/wp-json\/wp\/v2\/pages"}],"about":[{"href":"https:\/\/webinairegouvernance.csefrs.ma\/fr\/wp-json\/wp\/v2\/types\/page"}],"author":[{"embeddable":true,"href":"https:\/\/webinairegouvernance.csefrs.ma\/fr\/wp-json\/wp\/v2\/users\/1"}],"replies":[{"embeddable":true,"href":"https:\/\/webinairegouvernance.csefrs.ma\/fr\/wp-json\/wp\/v2\/comments?post=1744"}],"version-history":[{"count":23,"href":"https:\/\/webinairegouvernance.csefrs.ma\/fr\/wp-json\/wp\/v2\/pages\/1744\/revisions"}],"predecessor-version":[{"id":2441,"href":"https:\/\/webinairegouvernance.csefrs.ma\/fr\/wp-json\/wp\/v2\/pages\/1744\/revisions\/2441"}],"wp:attachment":[{"href":"https:\/\/webinairegouvernance.csefrs.ma\/fr\/wp-json\/wp\/v2\/media?parent=1744"}],"curies":[{"name":"wp","href":"https:\/\/api.w.org\/{rel}","templated":true}]}}